{"id":18,"date":"2024-10-16T09:13:24","date_gmt":"2024-10-16T09:13:24","guid":{"rendered":"https:\/\/slamconsultants.com\/?page_id=18"},"modified":"2024-10-20T19:36:12","modified_gmt":"2024-10-20T19:36:12","slug":"testimonials","status":"publish","type":"page","link":"https:\/\/slamconsultants.com\/fr\/testimonials\/","title":{"rendered":"T\u00e9moignages"},"content":{"rendered":"<div data-elementor-type=\"wp-page\" data-elementor-id=\"18\" class=\"elementor elementor-18\" data-elementor-post-type=\"page\">\n\t\t\t\t<div class=\"elementor-element elementor-element-b9c9d76 e-con-full e-flex e-con e-parent\" data-id=\"b9c9d76\" data-element_type=\"container\" data-e-type=\"container\" data-settings=\"{&quot;background_background&quot;:&quot;classic&quot;}\">\n\t\t<div class=\"elementor-element elementor-element-50acf6a e-con-full e-flex e-con e-child\" data-id=\"50acf6a\" data-element_type=\"container\" data-e-type=\"container\">\n\t\t\t\t<div class=\"elementor-element elementor-element-e705ce1 elementor-widget elementor-widget-heading\" data-id=\"e705ce1\" data-element_type=\"widget\" data-e-type=\"widget\" data-widget_type=\"heading.default\">\n\t\t\t\t<div class=\"elementor-widget-container\">\n\t\t\t\t\t<h1 class=\"elementor-heading-title elementor-size-default\">Ce que disent nos clients<\/h1>\t\t\t\t<\/div>\n\t\t\t\t<\/div>\n\t\t<div class=\"elementor-element elementor-element-dc07771 e-con-full e-flex e-con e-child\" data-id=\"dc07771\" data-element_type=\"container\" data-e-type=\"container\">\n\t\t<div class=\"elementor-element elementor-element-b8e6dda e-con-full e-flex e-con e-child\" data-id=\"b8e6dda\" data-element_type=\"container\" data-e-type=\"container\">\n\t\t\t\t<div class=\"elementor-element elementor-element-fc30f53 elementor-align-justify elementor-widget elementor-widget-button\" data-id=\"fc30f53\" data-element_type=\"widget\" data-e-type=\"widget\" data-widget_type=\"button.default\">\n\t\t\t\t<div class=\"elementor-widget-container\">\n\t\t\t\t\t\t\t\t\t<div class=\"elementor-button-wrapper\">\n\t\t\t\t\t<a class=\"elementor-button elementor-button-link elementor-size-sm\" href=\"https:\/\/slamconsultants.com\/fr\/contact\/\">\n\t\t\t\t\t\t<span class=\"elementor-button-content-wrapper\">\n\t\t\t\t\t\t\t\t\t<span class=\"elementor-button-text\">R\u00e9server une consultation<\/span>\n\t\t\t\t\t<\/span>\n\t\t\t\t\t<\/a>\n\t\t\t\t<\/div>\n\t\t\t\t\t\t\t\t<\/div>\n\t\t\t\t<\/div>\n\t\t\t\t<\/div>\n\t\t<div class=\"elementor-element elementor-element-56bd7e2 e-con-full e-flex e-con e-child\" data-id=\"56bd7e2\" data-element_type=\"container\" data-e-type=\"container\">\n\t\t\t\t<div class=\"elementor-element elementor-element-3243f93 elementor-align-justify elementor-widget elementor-widget-button\" data-id=\"3243f93\" data-element_type=\"widget\" data-e-type=\"widget\" data-widget_type=\"button.default\">\n\t\t\t\t<div class=\"elementor-widget-container\">\n\t\t\t\t\t\t\t\t\t<div class=\"elementor-button-wrapper\">\n\t\t\t\t\t<a class=\"elementor-button elementor-button-link elementor-size-sm\" href=\"https:\/\/slamconsultants.com\/fr\/services\/\">\n\t\t\t\t\t\t<span class=\"elementor-button-content-wrapper\">\n\t\t\t\t\t\t\t\t\t<span class=\"elementor-button-text\">En savoir plus <\/span>\n\t\t\t\t\t<\/span>\n\t\t\t\t\t<\/a>\n\t\t\t\t<\/div>\n\t\t\t\t\t\t\t\t<\/div>\n\t\t\t\t<\/div>\n\t\t\t\t<\/div>\n\t\t\t\t<\/div>\n\t\t\t\t<\/div>\n\t\t<div class=\"elementor-element elementor-element-5836407 e-con-full e-flex e-con e-child\" data-id=\"5836407\" data-element_type=\"container\" data-e-type=\"container\">\n\t\t\t\t<div class=\"elementor-element elementor-element-f313cf3 elementor-widget elementor-widget-image\" data-id=\"f313cf3\" data-element_type=\"widget\" data-e-type=\"widget\" data-widget_type=\"image.default\">\n\t\t\t\t<div class=\"elementor-widget-container\">\n\t\t\t\t\t\t\t\t\t\t\t\t\t\t\t<img fetchpriority=\"high\" decoding=\"async\" width=\"800\" height=\"800\" src=\"https:\/\/slamconsultants.com\/wp-content\/uploads\/2024\/10\/ianbreals_Create_me_an_image_that_represents_testimonials_in_a__8a9d726d-4338-4763-928d-31be2eb46bb9.webp\" class=\"attachment-large size-large wp-image-147\" alt=\"A man in a suit stood in front of stars\" srcset=\"https:\/\/slamconsultants.com\/wp-content\/uploads\/2024\/10\/ianbreals_Create_me_an_image_that_represents_testimonials_in_a__8a9d726d-4338-4763-928d-31be2eb46bb9.webp 848w, https:\/\/slamconsultants.com\/wp-content\/uploads\/2024\/10\/ianbreals_Create_me_an_image_that_represents_testimonials_in_a__8a9d726d-4338-4763-928d-31be2eb46bb9-300x300.webp 300w, https:\/\/slamconsultants.com\/wp-content\/uploads\/2024\/10\/ianbreals_Create_me_an_image_that_represents_testimonials_in_a__8a9d726d-4338-4763-928d-31be2eb46bb9-150x150.webp 150w, https:\/\/slamconsultants.com\/wp-content\/uploads\/2024\/10\/ianbreals_Create_me_an_image_that_represents_testimonials_in_a__8a9d726d-4338-4763-928d-31be2eb46bb9-768x768.webp 768w, https:\/\/slamconsultants.com\/wp-content\/uploads\/2024\/10\/ianbreals_Create_me_an_image_that_represents_testimonials_in_a__8a9d726d-4338-4763-928d-31be2eb46bb9-12x12.webp 12w\" sizes=\"(max-width: 800px) 100vw, 800px\" \/>\t\t\t\t\t\t\t\t\t\t\t\t\t\t\t<\/div>\n\t\t\t\t<\/div>\n\t\t\t\t<\/div>\n\t\t\t\t<\/div>\n\t\t<div class=\"elementor-element elementor-element-09889d3 e-flex e-con-boxed e-con e-parent\" data-id=\"09889d3\" data-element_type=\"container\" data-e-type=\"container\">\n\t\t\t\t\t<div class=\"e-con-inner\">\n\t\t\t\t<div class=\"elementor-element elementor-element-8d4b4fd elementor-widget elementor-widget-spacer\" data-id=\"8d4b4fd\" data-element_type=\"widget\" data-e-type=\"widget\" data-widget_type=\"spacer.default\">\n\t\t\t\t<div class=\"elementor-widget-container\">\n\t\t\t\t\t\t\t<div class=\"elementor-spacer\">\n\t\t\t<div class=\"elementor-spacer-inner\"><\/div>\n\t\t<\/div>\n\t\t\t\t\t\t<\/div>\n\t\t\t\t<\/div>\n\t\t\t\t\t<\/div>\n\t\t\t\t<\/div>\n\t\t<div class=\"elementor-element elementor-element-e1b9ea3 e-flex e-con-boxed e-con e-parent\" data-id=\"e1b9ea3\" data-element_type=\"container\" data-e-type=\"container\">\n\t\t\t\t\t<div class=\"e-con-inner\">\n\t\t\t\t<div class=\"elementor-element elementor-element-70eaee0 elementor-widget elementor-widget-ucaddon_responsive_testemonial_carousel\" data-id=\"70eaee0\" data-element_type=\"widget\" data-e-type=\"widget\" data-widget_type=\"ucaddon_responsive_testemonial_carousel.default\">\n\t\t\t\t<div class=\"elementor-widget-container\">\n\t\t\t\t\t\n<!-- start Testimonial Carousel -->\n\t\t<link id='font-awesome-css' href='https:\/\/slamconsultants.com\/wp-content\/plugins\/unlimited-elements-for-elementor-premium\/assets_libraries\/font-awesome6\/fontawesome-all.min.css' type='text\/css' rel='stylesheet' >\n\t\t<link id='font-awesome-4-shim-css' href='https:\/\/slamconsultants.com\/wp-content\/plugins\/unlimited-elements-for-elementor-premium\/assets_libraries\/font-awesome6\/fontawesome-v4-shims.min.css' type='text\/css' rel='stylesheet' >\n\t\t<link id='owl-carousel-css' href='https:\/\/slamconsultants.com\/wp-content\/plugins\/unlimited-elements-for-elementor-premium\/assets_libraries\/owl-carousel-new\/assets\/owl.carousel.css' type='text\/css' rel='stylesheet' >\n\t\t<link id='uc_ac_assets_file_grid_css_155-css' href='https:\/\/slamconsultants.com\/wp-content\/uploads\/ac_assets\/responsive_testemonial_carousel\/grid.css' type='text\/css' rel='stylesheet' >\n\n<style>\/* widget: Testimonial Carousel *\/\n\n\/* general styles *\/\n.uc_quote_slider{\n  min-height:1px;\n}\n\n#uc_responsive_testemonial_carousel_elementor_70eaee0 *{\n  box-sizing:border-box;\n}\n\n#uc_responsive_testemonial_carousel_elementor_70eaee0 .uc_quote_info .uc_author_avatar {\n  width: 100%;\n}\n\n#uc_responsive_testemonial_carousel_elementor_70eaee0 .uc_quote_info .uc_author {\n  display: inline-flex;\n  align-items: center; \n    text-align:center;\n  }\n\n#uc_responsive_testemonial_carousel_elementor_70eaee0 .uc_stars{\n  display:flex;\n}\n\n#uc_responsive_testemonial_carousel_elementor_70eaee0 .uc_quote_info{\n  display:flex;\n}\n\n#uc_responsive_testemonial_carousel_elementor_70eaee0 *{\n  outline:none;\n}\n\n#uc_responsive_testemonial_carousel_elementor_70eaee0 .ue-image{\n  flex-grow:0;\n  flex-shrink:0;\n}\n\n#uc_responsive_testemonial_carousel_elementor_70eaee0 .uc_quote_info .uc_author_info .uc_company {\n    color: ;\n}\n\n#uc_responsive_testemonial_carousel_elementor_70eaee0 .ue-image-spacing{\n  flex-grow:0;\n  flex-shrink:0;\n}\n\n#uc_responsive_testemonial_carousel_elementor_70eaee0 .ue-icon{\n  display:inline-flex;\n  justify-content:center;\n  align-items:center;\n}\n\n#uc_responsive_testemonial_carousel_elementor_70eaee0 .ue-icon svg{\n  width:1em;\n  height:1em;\n}\n\n#uc_responsive_testemonial_carousel_elementor_70eaee0 .uc_quote_item,\n#uc_responsive_testemonial_carousel_elementor_70eaee0 .ue-flip-item-content{\n  transition: all .3s;\n}\n\n\/* end general styles *\/\n\n\/* carousel type owl *\/\n\/* end carousel type owl *\/\n\n\/* carosuel type grid *\/\n.team_member_grid{\n  position:relative;\n  display:grid;\n}\n\n.team_member_grid .ue_grid_item{\n  position:relative;\n  display:flex;\n  flex-direction:column;\n}\n\/* end carousel type grid *\/\n\n<\/style>\n\n<div class=\"uc_quote_slider\" style=\"direction:ltr\" >  \n  <!-- carousel type owl -->\n    <!-- end carousel type owl -->\n\n  <!-- carousel type marquee -->\n    <!-- end carousel type marquee -->\n\n  <!-- carousel type coverflow -->\n    <!-- end carousel type coverflow -->\n\n  <!-- carousel type swipe -->\n    <!-- end carousel type swipe -->\n\n  <!-- carousel type grid -->\n  \t<div id=\"uc_responsive_testemonial_carousel_elementor_70eaee0\" class=\"team_member_grid uc-items-wrapper\" >\n   \t\t\t<div class=\"uc_quote_item ue-item   ue_grid_item  elementor-repeater-item-229a077\">\n\t\t\t<div class=\"uc_quote_info\">\n                \n\t\t\t\t<div class=\"uc_author\">\n                  \t                  \n\t\t\t\t\t<div class=\"uc_author_info\">\n\t\t\t\t\t\t<div class=\"ue_title\"><b>Andr\u00e9 Gareau<b><\/div>\t\t\t\t\t\t<div class=\"ue_subtitle\">Direction ex\u00e9cutive<\/div>                        \n\t\t\t\t\t<\/div>\n\t\t\t\t<\/div>\n                <!-- end of credentials -->\n              \n                <div class=\"ue-text\"><p>Simon est un homme d'affaires professionnel avec des comp\u00e9tences av\u00e9r\u00e9es en gestion humaine et en gestion du changement lors de transformations. Un coach exceptionnel pour les leaders.<\/p><\/div>              \n              \t            <div class=\"uc_stars\">\n                 <div class=\"ue_rate\"><i class='fas fa-star'><\/i><\/div> <div class=\"ue_rate\"><i class='fas fa-star'><\/i><\/div> <div class=\"ue_rate\"><i class='fas fa-star'><\/i><\/div> <div class=\"ue_rate\"><i class='fas fa-star'><\/i><\/div> <div class=\"ue_rate\"><i class='fas fa-star'><\/i><\/div>                                                                                                                                             <\/div>\n            \t\t\t\t              \n              \n              \n                            \n\t\t\t<\/div>\n        <\/div>\n  <!-- end of block item -->\n\t<div class=\"uc_quote_item ue-item   ue_grid_item  elementor-repeater-item-1360c0e\">\n\t\t\t<div class=\"uc_quote_info\">\n                \n\t\t\t\t<div class=\"uc_author\">\n                  \t                  \n\t\t\t\t\t<div class=\"uc_author_info\">\n\t\t\t\t\t\t<div class=\"ue_title\"><b>Aldo De Vito<b><\/div>\t\t\t\t\t\t<div class=\"ue_subtitle\">Vice-pr\u00e9sident des op\u00e9rations chez Industrie Harnois<\/div>                        \n\t\t\t\t\t<\/div>\n\t\t\t\t<\/div>\n                <!-- end of credentials -->\n              \n                <div class=\"ue-text\"><p>Simon s\u2019est bien int\u00e9gr\u00e9 dans notre organisation, apportant un leadership strat\u00e9gique, une am\u00e9lioration de l'efficacit\u00e9, et menant des projets \u00e0 grande \u00e9chelle. Je recommande fortement Simon !<\/p><\/div>              \n              \t            <div class=\"uc_stars\">\n                 <div class=\"ue_rate\"><i class='fas fa-star'><\/i><\/div> <div class=\"ue_rate\"><i class='fas fa-star'><\/i><\/div> <div class=\"ue_rate\"><i class='fas fa-star'><\/i><\/div> <div class=\"ue_rate\"><i class='fas fa-star'><\/i><\/div> <div class=\"ue_rate\"><i class='fas fa-star'><\/i><\/div>                                                                                                                                             <\/div>\n            \t\t\t\t              \n              \n              \n                            \n\t\t\t<\/div>\n        <\/div>\n  <!-- end of block item -->\n\n\t<\/div>\n    <!-- end carousel type grid -->\n\n<\/div>\n<!-- end Testimonial Carousel -->\t\t\t\t<\/div>\n\t\t\t\t<\/div>\n\t\t\t\t\t<\/div>\n\t\t\t\t<\/div>\n\t\t<div class=\"elementor-element elementor-element-dab0510 e-flex e-con-boxed e-con e-parent\" data-id=\"dab0510\" data-element_type=\"container\" data-e-type=\"container\">\n\t\t\t\t\t<div class=\"e-con-inner\">\n\t\t\t\t<div class=\"elementor-element elementor-element-7e2633b elementor-widget elementor-widget-spacer\" data-id=\"7e2633b\" data-element_type=\"widget\" data-e-type=\"widget\" data-widget_type=\"spacer.default\">\n\t\t\t\t<div class=\"elementor-widget-container\">\n\t\t\t\t\t\t\t<div class=\"elementor-spacer\">\n\t\t\t<div class=\"elementor-spacer-inner\"><\/div>\n\t\t<\/div>\n\t\t\t\t\t\t<\/div>\n\t\t\t\t<\/div>\n\t\t\t\t\t<\/div>\n\t\t\t\t<\/div>\n\t\t\t\t<\/div>","protected":false},"excerpt":{"rendered":"<p>What Our Clients Say Book a Consultation Learn More Andr\u00e9 Gareau Executive Management Simon is a professional businessman with proven human and change management skills during transformations. An exceptional coach for leaders.&#8221; Aldo De Vito Vice President Operations at Industrie Harnois &#8220;Simon integrated well into our organization, supporting strategic leadership, driving efficiency, and leading large-scale [&hellip;]<\/p>\n","protected":false},"author":1,"featured_media":0,"parent":0,"menu_order":0,"comment_status":"closed","ping_status":"closed","template":"elementor_header_footer","meta":{"footnotes":""},"class_list":["post-18","page","type-page","status-publish","hentry"],"_links":{"self":[{"href":"https:\/\/slamconsultants.com\/fr\/wp-json\/wp\/v2\/pages\/18","targetHints":{"allow":["GET"]}}],"collection":[{"href":"https:\/\/slamconsultants.com\/fr\/wp-json\/wp\/v2\/pages"}],"about":[{"href":"https:\/\/slamconsultants.com\/fr\/wp-json\/wp\/v2\/types\/page"}],"author":[{"embeddable":true,"href":"https:\/\/slamconsultants.com\/fr\/wp-json\/wp\/v2\/users\/1"}],"replies":[{"embeddable":true,"href":"https:\/\/slamconsultants.com\/fr\/wp-json\/wp\/v2\/comments?post=18"}],"version-history":[{"count":22,"href":"https:\/\/slamconsultants.com\/fr\/wp-json\/wp\/v2\/pages\/18\/revisions"}],"predecessor-version":[{"id":483,"href":"https:\/\/slamconsultants.com\/fr\/wp-json\/wp\/v2\/pages\/18\/revisions\/483"}],"wp:attachment":[{"href":"https:\/\/slamconsultants.com\/fr\/wp-json\/wp\/v2\/media?parent=18"}],"curies":[{"name":"wp","href":"https:\/\/api.w.org\/{rel}","templated":true}]}}