{"id":12,"date":"2024-10-16T09:12:24","date_gmt":"2024-10-16T09:12:24","guid":{"rendered":"https:\/\/slamconsultants.com\/?page_id=12"},"modified":"2024-10-20T18:46:28","modified_gmt":"2024-10-20T18:46:28","slug":"about","status":"publish","type":"page","link":"https:\/\/slamconsultants.com\/fr\/about\/","title":{"rendered":"\u00c0 propos"},"content":{"rendered":"<div data-elementor-type=\"wp-page\" data-elementor-id=\"12\" class=\"elementor elementor-12\" data-elementor-post-type=\"page\">\n\t\t\t\t<div class=\"elementor-element elementor-element-4e2c8fc e-con-full e-flex e-con e-parent\" data-id=\"4e2c8fc\" data-element_type=\"container\" data-e-type=\"container\" data-settings=\"{&quot;background_background&quot;:&quot;classic&quot;}\">\n\t\t<div class=\"elementor-element elementor-element-c8b96d1 e-con-full e-flex e-con e-child\" data-id=\"c8b96d1\" data-element_type=\"container\" data-e-type=\"container\">\n\t\t\t\t<div class=\"elementor-element elementor-element-e109c6c elementor-widget elementor-widget-heading\" data-id=\"e109c6c\" data-element_type=\"widget\" data-e-type=\"widget\" data-widget_type=\"heading.default\">\n\t\t\t\t<div class=\"elementor-widget-container\">\n\t\t\t\t\t<h1 class=\"elementor-heading-title elementor-size-default\">\u00c0 propos de Simon Lafreni\u00e8re<\/h1>\t\t\t\t<\/div>\n\t\t\t\t<\/div>\n\t\t\t\t<div class=\"elementor-element elementor-element-9483577 elementor-widget elementor-widget-text-editor\" data-id=\"9483577\" data-element_type=\"widget\" data-e-type=\"widget\" data-widget_type=\"text-editor.default\">\n\t\t\t\t<div class=\"elementor-widget-container\">\n\t\t\t\t\t\t\t\t\t<p><i><span style=\"font-weight: 400;\">Transformer les entreprises au-del\u00e0 des fronti\u00e8res avec une approche humaine et neurodiverse<\/span><\/i><\/p>\t\t\t\t\t\t\t\t<\/div>\n\t\t\t\t<\/div>\n\t\t<div class=\"elementor-element elementor-element-9be9dbd e-con-full e-flex e-con e-child\" data-id=\"9be9dbd\" data-element_type=\"container\" data-e-type=\"container\">\n\t\t<div class=\"elementor-element elementor-element-ee77e5c e-con-full e-flex e-con e-child\" data-id=\"ee77e5c\" data-element_type=\"container\" data-e-type=\"container\">\n\t\t\t\t<div class=\"elementor-element elementor-element-2f9e1cb elementor-align-justify elementor-widget elementor-widget-button\" data-id=\"2f9e1cb\" data-element_type=\"widget\" data-e-type=\"widget\" data-widget_type=\"button.default\">\n\t\t\t\t<div class=\"elementor-widget-container\">\n\t\t\t\t\t\t\t\t\t<div class=\"elementor-button-wrapper\">\n\t\t\t\t\t<a class=\"elementor-button elementor-button-link elementor-size-sm\" href=\"https:\/\/slamconsultants.com\/fr\/contact\/\">\n\t\t\t\t\t\t<span class=\"elementor-button-content-wrapper\">\n\t\t\t\t\t\t\t\t\t<span class=\"elementor-button-text\">R\u00e9server une consultation<\/span>\n\t\t\t\t\t<\/span>\n\t\t\t\t\t<\/a>\n\t\t\t\t<\/div>\n\t\t\t\t\t\t\t\t<\/div>\n\t\t\t\t<\/div>\n\t\t\t\t<\/div>\n\t\t<div class=\"elementor-element elementor-element-b8b74ef e-con-full e-flex e-con e-child\" data-id=\"b8b74ef\" data-element_type=\"container\" data-e-type=\"container\">\n\t\t\t\t<div class=\"elementor-element elementor-element-977d000 elementor-align-justify elementor-widget elementor-widget-button\" data-id=\"977d000\" data-element_type=\"widget\" data-e-type=\"widget\" data-widget_type=\"button.default\">\n\t\t\t\t<div class=\"elementor-widget-container\">\n\t\t\t\t\t\t\t\t\t<div class=\"elementor-button-wrapper\">\n\t\t\t\t\t<a class=\"elementor-button elementor-button-link elementor-size-sm\" href=\"https:\/\/slamconsultants.com\/fr\/services\/\">\n\t\t\t\t\t\t<span class=\"elementor-button-content-wrapper\">\n\t\t\t\t\t\t\t\t\t<span class=\"elementor-button-text\">En savoir plus <\/span>\n\t\t\t\t\t<\/span>\n\t\t\t\t\t<\/a>\n\t\t\t\t<\/div>\n\t\t\t\t\t\t\t\t<\/div>\n\t\t\t\t<\/div>\n\t\t\t\t<\/div>\n\t\t\t\t<\/div>\n\t\t\t\t<\/div>\n\t\t<div class=\"elementor-element elementor-element-a9f73b0 e-con-full e-flex e-con e-child\" data-id=\"a9f73b0\" data-element_type=\"container\" data-e-type=\"container\">\n\t\t\t\t<div class=\"elementor-element elementor-element-2926202 elementor-widget elementor-widget-image\" data-id=\"2926202\" data-element_type=\"widget\" data-e-type=\"widget\" data-widget_type=\"image.default\">\n\t\t\t\t<div class=\"elementor-widget-container\">\n\t\t\t\t\t\t\t\t\t\t\t\t\t\t\t<img fetchpriority=\"high\" decoding=\"async\" width=\"800\" height=\"800\" src=\"https:\/\/slamconsultants.com\/wp-content\/uploads\/2024\/10\/ianbreals_Transforming_businesses_across_borders_with_a_human-c_0590586a-4b7b-4cc9-b880-6744f4b05cd8.webp\" class=\"attachment-large size-large wp-image-120\" alt=\"The face of a man with neuro signals showing brasin activity\" srcset=\"https:\/\/slamconsultants.com\/wp-content\/uploads\/2024\/10\/ianbreals_Transforming_businesses_across_borders_with_a_human-c_0590586a-4b7b-4cc9-b880-6744f4b05cd8.webp 848w, https:\/\/slamconsultants.com\/wp-content\/uploads\/2024\/10\/ianbreals_Transforming_businesses_across_borders_with_a_human-c_0590586a-4b7b-4cc9-b880-6744f4b05cd8-300x300.webp 300w, https:\/\/slamconsultants.com\/wp-content\/uploads\/2024\/10\/ianbreals_Transforming_businesses_across_borders_with_a_human-c_0590586a-4b7b-4cc9-b880-6744f4b05cd8-150x150.webp 150w, https:\/\/slamconsultants.com\/wp-content\/uploads\/2024\/10\/ianbreals_Transforming_businesses_across_borders_with_a_human-c_0590586a-4b7b-4cc9-b880-6744f4b05cd8-768x768.webp 768w, https:\/\/slamconsultants.com\/wp-content\/uploads\/2024\/10\/ianbreals_Transforming_businesses_across_borders_with_a_human-c_0590586a-4b7b-4cc9-b880-6744f4b05cd8-12x12.webp 12w\" sizes=\"(max-width: 800px) 100vw, 800px\" \/>\t\t\t\t\t\t\t\t\t\t\t\t\t\t\t<\/div>\n\t\t\t\t<\/div>\n\t\t\t\t<\/div>\n\t\t\t\t<\/div>\n\t\t<div class=\"elementor-element elementor-element-6362e2c e-flex e-con-boxed e-con e-parent\" data-id=\"6362e2c\" data-element_type=\"container\" data-e-type=\"container\">\n\t\t\t\t\t<div class=\"e-con-inner\">\n\t\t<div class=\"elementor-element elementor-element-9c101f0 e-con-full e-flex e-con e-child\" data-id=\"9c101f0\" data-element_type=\"container\" data-e-type=\"container\">\n\t\t\t\t<div class=\"elementor-element elementor-element-b8e4fe8 elementor-widget elementor-widget-heading\" data-id=\"b8e4fe8\" data-element_type=\"widget\" data-e-type=\"widget\" data-widget_type=\"heading.default\">\n\t\t\t\t<div class=\"elementor-widget-container\">\n\t\t\t\t\t<h2 class=\"elementor-heading-title elementor-size-default\">Biographie de Simon<\/h2>\t\t\t\t<\/div>\n\t\t\t\t<\/div>\n\t\t\t\t<div class=\"elementor-element elementor-element-acfbcd1 elementor-widget elementor-widget-text-editor\" data-id=\"acfbcd1\" data-element_type=\"widget\" data-e-type=\"widget\" data-widget_type=\"text-editor.default\">\n\t\t\t\t<div class=\"elementor-widget-container\">\n\t\t\t\t\t\t\t\t\t<p>Simon Lafreni\u00e8re apporte plus de 25 ans d'exp\u00e9rience dans la transformation et l'optimisation d'entreprises internationales. Avec une expertise dans des secteurs tels que l'a\u00e9rospatiale, la fabrication et la technologie, Simon a dirig\u00e9 des projets strat\u00e9giques qui favorisent la croissance, am\u00e9liorent l'efficacit\u00e9 et produisent des changements durables. Son approche neurodiverse unique lui permet de voir les d\u00e9fis sous de nouveaux angles, aidant les entreprises \u00e0 identifier de nouvelles opportunit\u00e9s de succ\u00e8s. L\u2019approche pratique et collaborative de Simon se concentre sur l\u2019innovation et le leadership humain<\/p>\t\t\t\t\t\t\t\t<\/div>\n\t\t\t\t<\/div>\n\t\t\t\t<\/div>\n\t\t\t\t\t<\/div>\n\t\t\t\t<\/div>\n\t\t<div class=\"elementor-element elementor-element-cc19931 e-flex e-con-boxed e-con e-parent\" data-id=\"cc19931\" data-element_type=\"container\" data-e-type=\"container\">\n\t\t\t\t\t<div class=\"e-con-inner\">\n\t\t<div class=\"elementor-element elementor-element-99db191 e-con-full e-flex e-con e-child\" data-id=\"99db191\" data-element_type=\"container\" data-e-type=\"container\">\n\t\t<div class=\"elementor-element elementor-element-2f4d9ef e-con-full e-flex e-con e-child\" data-id=\"2f4d9ef\" data-element_type=\"container\" data-e-type=\"container\">\n\t\t<div class=\"elementor-element elementor-element-afc2fe3 e-con-full e-flex e-con e-child\" data-id=\"afc2fe3\" data-element_type=\"container\" data-e-type=\"container\">\n\t\t\t\t<div class=\"elementor-element elementor-element-1a5c493 elementor-widget elementor-widget-heading\" data-id=\"1a5c493\" data-element_type=\"widget\" data-e-type=\"widget\" data-widget_type=\"heading.default\">\n\t\t\t\t<div class=\"elementor-widget-container\">\n\t\t\t\t\t<h2 class=\"elementor-heading-title elementor-size-default\">Simon Lafreni\u00e8re, ing., MBA : Transformation et Croissance<\/h2>\t\t\t\t<\/div>\n\t\t\t\t<\/div>\n\t\t\t\t<div class=\"elementor-element elementor-element-bc35f28 elementor-widget elementor-widget-text-editor\" data-id=\"bc35f28\" data-element_type=\"widget\" data-e-type=\"widget\" data-widget_type=\"text-editor.default\">\n\t\t\t\t<div class=\"elementor-widget-container\">\n\t\t\t\t\t\t\t\t\t<p><span style=\"font-weight: 400;\">Avec plus de 25 ans d\u2019exp\u00e9rience dans des industries complexes et en pleine \u00e9volution, Simon se sp\u00e9cialise dans la transformation et l\u2019optimisation des entreprises internationales. Il a d\u00e9montr\u00e9 sa capacit\u00e9 \u00e0 diriger des projets strat\u00e9giques et \u00e0 stimuler une croissance rapide et durable dans des environnements vari\u00e9s.<\/span><\/p><p><span style=\"font-weight: 400;\">\u00c0 Averna, il a transform\u00e9 les op\u00e9rations transversales et a dirig\u00e9 des \u00e9quipes pluridisciplinaires r\u00e9parties dans plusieurs pays (Canada, \u00c9tats-Unis, Mexique, Pologne), atteignant des r\u00e9sultats financiers records, un engagement exceptionnel des employ\u00e9s et une certification ISO. Au Mexique, il a doubl\u00e9 les revenus en deux ans tout en augmentant les effectifs de 80 %, am\u00e9liorant simultan\u00e9ment la qualit\u00e9 et la profitabilit\u00e9. En Pologne, pendant la pand\u00e9mie mondiale, il a op\u00e9r\u00e9 la transformation des deux divisions, redress\u00e9 la profitabilit\u00e9 des projets, et r\u00e9alis\u00e9 une premi\u00e8re impl\u00e9mentation ISO en moins de six mois, enti\u00e8rement \u00e0 distance.<\/span><\/p><p><span style=\"font-weight: 400;\">Chez Bombardier A\u00e9ronautique, il a g\u00e9r\u00e9 avec succ\u00e8s des projets complexes de d\u00e9veloppement d\u2019avions, notamment la conception, construction, certification et la livraison des Challenger 350 et Challenger 650, respectant d\u00e9lais et budgets, des performances in\u00e9dites dans l\u2019histoire de l\u2019entreprise.<\/span><\/p><p><span style=\"font-weight: 400;\">Gr\u00e2ce \u00e0 son expertise en restructuration et gestion de divisions autonomes internationales, en am\u00e9lioration des marges b\u00e9n\u00e9ficiaires et en satisfaction client, Simon est un partenaire id\u00e9al pour mener des projets de transformation et de croissance dans des secteurs \u00e0 fort contenu technique.<\/span><\/p>\t\t\t\t\t\t\t\t<\/div>\n\t\t\t\t<\/div>\n\t\t\t\t<div class=\"elementor-element elementor-element-45229cf e-grid-align-left e-grid-align-mobile-center elementor-shape-rounded elementor-grid-0 elementor-widget elementor-widget-social-icons\" data-id=\"45229cf\" data-element_type=\"widget\" data-e-type=\"widget\" data-widget_type=\"social-icons.default\">\n\t\t\t\t<div class=\"elementor-widget-container\">\n\t\t\t\t\t\t\t<div class=\"elementor-social-icons-wrapper elementor-grid\" role=\"list\">\n\t\t\t\t\t\t\t<span class=\"elementor-grid-item\" role=\"listitem\">\n\t\t\t\t\t<a class=\"elementor-icon elementor-social-icon elementor-social-icon-linkedin elementor-repeater-item-5443a1f\" href=\"https:\/\/www.linkedin.com\/in\/simonlafreniere\/\" target=\"_blank\">\n\t\t\t\t\t\t<span class=\"elementor-screen-only\">Linkedin<\/span>\n\t\t\t\t\t\t<svg aria-hidden=\"true\" class=\"e-font-icon-svg e-fab-linkedin\" viewbox=\"0 0 448 512\" xmlns=\"http:\/\/www.w3.org\/2000\/svg\"><path d=\"M416 32H31.9C14.3 32 0 46.5 0 64.3v383.4C0 465.5 14.3 480 31.9 480H416c17.6 0 32-14.5 32-32.3V64.3c0-17.8-14.4-32.3-32-32.3zM135.4 416H69V202.2h66.5V416zm-33.2-243c-21.3 0-38.5-17.3-38.5-38.5S80.9 96 102.2 96c21.2 0 38.5 17.3 38.5 38.5 0 21.3-17.2 38.5-38.5 38.5zm282.1 243h-66.4V312c0-24.8-.5-56.7-34.5-56.7-34.6 0-39.9 27-39.9 54.9V416h-66.4V202.2h63.7v29.2h.9c8.9-16.8 30.6-34.5 62.9-34.5 67.2 0 79.7 44.3 79.7 101.9V416z\"><\/path><\/svg>\t\t\t\t\t<\/a>\n\t\t\t\t<\/span>\n\t\t\t\t\t\t\t<span class=\"elementor-grid-item\" role=\"listitem\">\n\t\t\t\t\t<a class=\"elementor-icon elementor-social-icon elementor-social-icon-twitter elementor-repeater-item-e21bffe\" href=\"https:\/\/x.com\/SimonLafrenier1\" target=\"_blank\">\n\t\t\t\t\t\t<span class=\"elementor-screen-only\">Twitter<\/span>\n\t\t\t\t\t\t<svg aria-hidden=\"true\" class=\"e-font-icon-svg e-fab-twitter\" viewbox=\"0 0 512 512\" xmlns=\"http:\/\/www.w3.org\/2000\/svg\"><path d=\"M459.37 151.716c.325 4.548.325 9.097.325 13.645 0 138.72-105.583 298.558-298.558 298.558-59.452 0-114.68-17.219-161.137-47.106 8.447.974 16.568 1.299 25.34 1.299 49.055 0 94.213-16.568 130.274-44.832-46.132-.975-84.792-31.188-98.112-72.772 6.498.974 12.995 1.624 19.818 1.624 9.421 0 18.843-1.3 27.614-3.573-48.081-9.747-84.143-51.98-84.143-102.985v-1.299c13.969 7.797 30.214 12.67 47.431 13.319-28.264-18.843-46.781-51.005-46.781-87.391 0-19.492 5.197-37.36 14.294-52.954 51.655 63.675 129.3 105.258 216.365 109.807-1.624-7.797-2.599-15.918-2.599-24.04 0-57.828 46.782-104.934 104.934-104.934 30.213 0 57.502 12.67 76.67 33.137 23.715-4.548 46.456-13.32 66.599-25.34-7.798 24.366-24.366 44.833-46.132 57.827 21.117-2.273 41.584-8.122 60.426-16.243-14.292 20.791-32.161 39.308-52.628 54.253z\"><\/path><\/svg>\t\t\t\t\t<\/a>\n\t\t\t\t<\/span>\n\t\t\t\t\t<\/div>\n\t\t\t\t\t\t<\/div>\n\t\t\t\t<\/div>\n\t\t\t\t<\/div>\n\t\t<div class=\"elementor-element elementor-element-1d5cdb3 e-con-full e-flex e-con e-child\" data-id=\"1d5cdb3\" data-element_type=\"container\" data-e-type=\"container\">\n\t\t\t\t<div class=\"elementor-element elementor-element-a3173e4 elementor-widget elementor-widget-image\" data-id=\"a3173e4\" data-element_type=\"widget\" data-e-type=\"widget\" data-widget_type=\"image.default\">\n\t\t\t\t<div class=\"elementor-widget-container\">\n\t\t\t\t\t\t\t\t\t\t\t\t\t\t\t<img decoding=\"async\" width=\"1536\" height=\"1920\" src=\"https:\/\/slamconsultants.com\/wp-content\/uploads\/2024\/10\/TNP08077-8-scaled.webp\" class=\"attachment-full size-full wp-image-277\" alt=\"Simon Lafreni\u00e8re, Eng., MBA: Transformation and Growth\" srcset=\"https:\/\/slamconsultants.com\/wp-content\/uploads\/2024\/10\/TNP08077-8-scaled.webp 1536w, https:\/\/slamconsultants.com\/wp-content\/uploads\/2024\/10\/TNP08077-8-240x300.webp 240w, https:\/\/slamconsultants.com\/wp-content\/uploads\/2024\/10\/TNP08077-8-819x1024.webp 819w, https:\/\/slamconsultants.com\/wp-content\/uploads\/2024\/10\/TNP08077-8-768x960.webp 768w, https:\/\/slamconsultants.com\/wp-content\/uploads\/2024\/10\/TNP08077-8-1229x1536.webp 1229w, https:\/\/slamconsultants.com\/wp-content\/uploads\/2024\/10\/TNP08077-8-10x12.webp 10w\" sizes=\"(max-width: 1536px) 100vw, 1536px\" \/>\t\t\t\t\t\t\t\t\t\t\t\t\t\t\t<\/div>\n\t\t\t\t<\/div>\n\t\t\t\t<\/div>\n\t\t\t\t<\/div>\n\t\t\t\t<\/div>\n\t\t\t\t\t<\/div>\n\t\t\t\t<\/div>\n\t\t<div class=\"elementor-element elementor-element-7981d0d e-flex e-con-boxed e-con e-parent\" data-id=\"7981d0d\" data-element_type=\"container\" data-e-type=\"container\">\n\t\t\t\t\t<div class=\"e-con-inner\">\n\t\t\t\t<div class=\"elementor-element elementor-element-8a9512c elementor-widget elementor-widget-ucaddon_list_marquee\" data-id=\"8a9512c\" data-element_type=\"widget\" data-e-type=\"widget\" data-widget_type=\"ucaddon_list_marquee.default\">\n\t\t\t\t<div class=\"elementor-widget-container\">\n\t\t\t\t\t\n<!-- start List Marquee -->\n\t\t<link id='font-awesome-css' href='https:\/\/slamconsultants.com\/wp-content\/plugins\/unlimited-elements-for-elementor-premium\/assets_libraries\/font-awesome6\/fontawesome-all.min.css' type='text\/css' rel='stylesheet' >\n\t\t<link id='font-awesome-4-shim-css' href='https:\/\/slamconsultants.com\/wp-content\/plugins\/unlimited-elements-for-elementor-premium\/assets_libraries\/font-awesome6\/fontawesome-v4-shims.min.css' type='text\/css' rel='stylesheet' >\n\n<style>\/* widget: List Marquee *\/\n\n#uc_list_marquee_elementor_8a9512c {\n  box-sizing: border-box;\n  display: flex;\n  align-items: center;\n  overflow: hidden;\n  direction:ltr;\n}\n\n#uc_list_marquee_elementor_8a9512c .ue-marquee-content {\n  display: flex;\n  will-change: transform;\n  animation: marqueeuc_list_marquee_elementor_8a9512c 120s linear infinite running;\n  animation-delay: 250ms;\n  }\n\n#uc_list_marquee_elementor_8a9512c .ue-marquee-content:hover {\n  animation-play-state: paused;\n}\n\n#uc_list_marquee_elementor_8a9512c .ue-marquee-tag {\n  width: auto;\n  display: flex;\n  align-items: center;\n  justify-content: center;\n  transition: all 0.2s ease;\n  white-space: nowrap;\n  direction:ltr;\n}\n\n#uc_list_marquee_elementor_8a9512c .ue-marquee-tag a {\n  display: flex;\n  align-items: center;\n  justify-content: center;\n  white-space: nowrap;\n  -webkit-text-stroke: 0px ;\n}\n#uc_list_marquee_elementor_8a9512c .ue-marquee-graphic{\n  overflow:hidden;\n}\n#uc_list_marquee_elementor_8a9512c .ue-marquee-tag-icon {\n  flex-grow: 0;   \n  flex-shrink: 0;\n  line-height:1em;\n}\n#uc_list_marquee_elementor_8a9512c .ue-marquee-tag-image {\n  flex-grow: 0;   \n  flex-shrink: 0;\n  line-height:1em;\n}\n\n#uc_list_marquee_elementor_8a9512c .ue_marq_text_wrap{\n  display:flex;\n  flex-direction: row;\n  align-items: center;\n  }\n\n@keyframes marqueeuc_list_marquee_elementor_8a9512c {\n  0% {\n \t-webkit-transform: translateX(0);\n    transform: translateX(0);\n  }\n  100% {\n    -webkit-transform: translate(-50%);\n    transform: translate(-50%);\n  }\n}\n\n@keyframes marquee-reverseuc_list_marquee_elementor_8a9512c {\n  0% {\n \t-webkit-transform: translateX(-50%);\n    transform: translateX(-50%);\n  }\n  100% {\n    -webkit-transform: translate(0%);\n    transform: translate(0%);\n  }\n}\n\n@keyframes marquee-upuc_list_marquee_elementor_8a9512c {\n\tfrom {transform: translate(0, 25%)}\n\tto {transform: translate(0, -25%)}\n}\n\n@keyframes marquee-downuc_list_marquee_elementor_8a9512c {\n\tfrom {transform: translate(0, -25%)}\n\tto {transform: translate(0, 25%)}\n}\n\n<\/style>\n\n<div class=\"ue-marquee\" id=\"uc_list_marquee_elementor_8a9512c\" >\n  <div class=\"ue-marquee-content uc-items-wrapper\">\n    <div class=\"ue-marquee-tag\">\n  <a href=\"#\" >\n          <div class=\"ue-marquee-tag-icon ue-marquee-graphic\"><i class='fas fa-star'><\/i><\/div>\n            \n    <div class=\"ue_marq_text_wrap\">\n        Les soci\u00e9t\u00e9s les mieux g\u00e9r\u00e9es du Canada - Averna 2021\n          <\/div>\n    \n  <\/a>\n<\/div>\n<div class=\"ue-marquee-tag\">\n  <a href=\"#\" >\n          <div class=\"ue-marquee-tag-icon ue-marquee-graphic\"><i class='fas fa-star'><\/i><\/div>\n            \n    <div class=\"ue_marq_text_wrap\">\n        D\u00e9veloppement de produits centr\u00e9s sur le client \u2013 Bombardier A\u00e9ronautique 2013\n          <\/div>\n    \n  <\/a>\n<\/div>\n<div class=\"ue-marquee-tag\">\n  <a href=\"#\" >\n          <div class=\"ue-marquee-tag-icon ue-marquee-graphic\"><i class='fas fa-star'><\/i><\/div>\n            \n    <div class=\"ue_marq_text_wrap\">\n        Prix Rel\u00e8ve d\u2019Excellence, cat\u00e9gorie jeune professionnel \u2013 HEC Montr\u00e9al 2010\n          <\/div>\n    \n  <\/a>\n<\/div>\n\n  <\/div>\n<\/div>\n<!-- end List Marquee -->\t\t\t\t<\/div>\n\t\t\t\t<\/div>\n\t\t\t\t\t<\/div>\n\t\t\t\t<\/div>\n\t\t<div class=\"elementor-element elementor-element-a82856a e-flex e-con-boxed e-con e-parent\" data-id=\"a82856a\" data-element_type=\"container\" data-e-type=\"container\">\n\t\t\t\t\t<div class=\"e-con-inner\">\n\t\t\t\t<div class=\"elementor-element elementor-element-6b4eb13 elementor-widget elementor-widget-spacer\" data-id=\"6b4eb13\" data-element_type=\"widget\" data-e-type=\"widget\" data-widget_type=\"spacer.default\">\n\t\t\t\t<div class=\"elementor-widget-container\">\n\t\t\t\t\t\t\t<div class=\"elementor-spacer\">\n\t\t\t<div class=\"elementor-spacer-inner\"><\/div>\n\t\t<\/div>\n\t\t\t\t\t\t<\/div>\n\t\t\t\t<\/div>\n\t\t\t\t\t<\/div>\n\t\t\t\t<\/div>\n\t\t<div class=\"elementor-element elementor-element-31f5c90 e-flex e-con-boxed e-con e-parent\" data-id=\"31f5c90\" data-element_type=\"container\" data-e-type=\"container\" data-settings=\"{&quot;background_background&quot;:&quot;classic&quot;}\">\n\t\t\t\t\t<div class=\"e-con-inner\">\n\t\t\t\t<div class=\"elementor-element elementor-element-9b8a931 elementor-widget elementor-widget-heading\" data-id=\"9b8a931\" data-element_type=\"widget\" data-e-type=\"widget\" data-widget_type=\"heading.default\">\n\t\t\t\t<div class=\"elementor-widget-container\">\n\t\t\t\t\t<h2 class=\"elementor-heading-title elementor-size-default\">Ma philosophie de leadership<\/h2>\t\t\t\t<\/div>\n\t\t\t\t<\/div>\n\t\t\t\t<div class=\"elementor-element elementor-element-0dc4c75 elementor-widget elementor-widget-text-editor\" data-id=\"0dc4c75\" data-element_type=\"widget\" data-e-type=\"widget\" data-widget_type=\"text-editor.default\">\n\t\t\t\t<div class=\"elementor-widget-container\">\n\t\t\t\t\t\t\t\t\t<p><i><span style=\"font-weight: 400;\">Je crois que la transformation commence par les gens. En responsabilisant les leaders et les \u00e9quipes, nous cr\u00e9ons les conditions n\u00e9cessaires pour un changement durable. Je privil\u00e9gie la communication transparente, la collaboration et l'am\u00e9lioration continue pour garantir que chaque projet produise des r\u00e9sultats mesurables.<\/span><\/i><\/p>\t\t\t\t\t\t\t\t<\/div>\n\t\t\t\t<\/div>\n\t\t\t\t<div class=\"elementor-element elementor-element-79c167a elementor-align-center elementor-mobile-align-center elementor-widget elementor-widget-button\" data-id=\"79c167a\" data-element_type=\"widget\" data-e-type=\"widget\" data-widget_type=\"button.default\">\n\t\t\t\t<div class=\"elementor-widget-container\">\n\t\t\t\t\t\t\t\t\t<div class=\"elementor-button-wrapper\">\n\t\t\t\t\t<a class=\"elementor-button elementor-button-link elementor-size-sm\" href=\"https:\/\/slamconsultants.com\/fr\/contact\/\">\n\t\t\t\t\t\t<span class=\"elementor-button-content-wrapper\">\n\t\t\t\t\t\t\t\t\t<span class=\"elementor-button-text\">Planifiez une consultation aujourd'hui !<\/span>\n\t\t\t\t\t<\/span>\n\t\t\t\t\t<\/a>\n\t\t\t\t<\/div>\n\t\t\t\t\t\t\t\t<\/div>\n\t\t\t\t<\/div>\n\t\t\t\t\t<\/div>\n\t\t\t\t<\/div>\n\t\t\t\t<\/div>","protected":false},"excerpt":{"rendered":"<p>About Simon Lafreni\u00e8re Transforming businesses across borders with a human-centric, neurodiverse approach Book a Consultation Learn More Simon\u2019s Biography Simon Lafreni\u00e8re brings over 25 years of experience in transforming and optimizing international companies. With expertise in industries ranging from aerospace and manufacturing to technology, Simon has led strategic projects that drive growth, improve efficiency, and [&hellip;]<\/p>\n","protected":false},"author":1,"featured_media":0,"parent":0,"menu_order":0,"comment_status":"closed","ping_status":"closed","template":"elementor_header_footer","meta":{"footnotes":""},"class_list":["post-12","page","type-page","status-publish","hentry"],"_links":{"self":[{"href":"https:\/\/slamconsultants.com\/fr\/wp-json\/wp\/v2\/pages\/12","targetHints":{"allow":["GET"]}}],"collection":[{"href":"https:\/\/slamconsultants.com\/fr\/wp-json\/wp\/v2\/pages"}],"about":[{"href":"https:\/\/slamconsultants.com\/fr\/wp-json\/wp\/v2\/types\/page"}],"author":[{"embeddable":true,"href":"https:\/\/slamconsultants.com\/fr\/wp-json\/wp\/v2\/users\/1"}],"replies":[{"embeddable":true,"href":"https:\/\/slamconsultants.com\/fr\/wp-json\/wp\/v2\/comments?post=12"}],"version-history":[{"count":59,"href":"https:\/\/slamconsultants.com\/fr\/wp-json\/wp\/v2\/pages\/12\/revisions"}],"predecessor-version":[{"id":438,"href":"https:\/\/slamconsultants.com\/fr\/wp-json\/wp\/v2\/pages\/12\/revisions\/438"}],"wp:attachment":[{"href":"https:\/\/slamconsultants.com\/fr\/wp-json\/wp\/v2\/media?parent=12"}],"curies":[{"name":"wp","href":"https:\/\/api.w.org\/{rel}","templated":true}]}}